{"id":641,"date":"2023-11-06T12:08:17","date_gmt":"2023-11-06T15:08:17","guid":{"rendered":"https:\/\/taglermaq.cl\/logisticmaq\/qa\/?page_id=641"},"modified":"2023-11-15T16:49:59","modified_gmt":"2023-11-15T19:49:59","slug":"modula-wms-premium","status":"publish","type":"page","link":"https:\/\/taglermaq.cl\/logisticmaq\/modula\/modula-wms-premium\/","title":{"rendered":"Modula WMS Premium"},"content":{"rendered":"<p class=\"subtitle\"><strong>Para quien necesita una soluci\u00f3n WMS completa e integrable con sistemas ERP ya presentes en la empresa.<\/strong><\/p>\n<p>Modula WMS Premium es\u00a0<strong>el paquete software de gesti\u00f3n de almac\u00e9n m\u00e1s completo para la gesti\u00f3n del almac\u00e9n<\/strong>. Pone a disposici\u00f3n todas las funciones del sistema WMS Base, a\u00f1adiendo muchas otras.<\/p>\n<ul>\n<li>Asociaci\u00f3n autom\u00e1tica art\u00edculo-compartimento y gesti\u00f3n din\u00e1mica de las ubicaciones.<\/li>\n<li>Gesti\u00f3n de los lotes.<\/li>\n<li>Gesti\u00f3n completa y con trazados personalizados de la importaci\u00f3n y exportaci\u00f3n autom\u00e1tica en formato ASCII, ODBC, Excel y XML.<\/li>\n<li>Gesti\u00f3n de la log\u00edstica.<\/li>\n<li>Gesti\u00f3n del estado del material.<\/li>\n<li>Gesti\u00f3n del tipo de envase.<\/li>\n<li>Gesti\u00f3n de la fecha de caducidad.<\/li>\n<li>Gesti\u00f3n avanzada de los usuarios mediante la configuraci\u00f3n de los procedimientos habilitados para cada usuario.<\/li>\n<li>Gesti\u00f3n material FIFO (First Input First Output) o por prioridad de subc\u00f3digo (por ej. se puede retirar dando prioridad al material con c\u00f3digo de lote m\u00e1s bajo y, por lo tanto, m\u00e1s viejo).<\/li>\n<li>Gesti\u00f3n de conceptos para las solicitudes inmediatas.<\/li>\n<\/ul>\n","protected":false},"excerpt":{"rendered":"<p>Para quien necesita una soluci\u00f3n WMS completa e integrable con sistemas ERP ya presentes en la empresa. Modula WMS Premium es\u00a0el paquete software de gesti\u00f3n de almac\u00e9n m\u00e1s completo para la gesti\u00f3n del almac\u00e9n. Pone a disposici\u00f3n todas las funciones del sistema WMS Base, a\u00f1adiendo muchas otras. Asociaci\u00f3n autom\u00e1tica art\u00edculo-compartimento y gesti\u00f3n din\u00e1mica de las [&hellip;]<\/p>\n","protected":false},"author":1,"featured_media":0,"parent":393,"menu_order":0,"comment_status":"closed","ping_status":"closed","template":"page-soluciones-modula.php","meta":{"footnotes":""},"class_list":["post-641","page","type-page","status-publish","hentry"],"acf":[],"_links":{"self":[{"href":"https:\/\/taglermaq.cl\/logisticmaq\/wp-json\/wp\/v2\/pages\/641","targetHints":{"allow":["GET"]}}],"collection":[{"href":"https:\/\/taglermaq.cl\/logisticmaq\/wp-json\/wp\/v2\/pages"}],"about":[{"href":"https:\/\/taglermaq.cl\/logisticmaq\/wp-json\/wp\/v2\/types\/page"}],"author":[{"embeddable":true,"href":"https:\/\/taglermaq.cl\/logisticmaq\/wp-json\/wp\/v2\/users\/1"}],"replies":[{"embeddable":true,"href":"https:\/\/taglermaq.cl\/logisticmaq\/wp-json\/wp\/v2\/comments?post=641"}],"version-history":[{"count":13,"href":"https:\/\/taglermaq.cl\/logisticmaq\/wp-json\/wp\/v2\/pages\/641\/revisions"}],"predecessor-version":[{"id":765,"href":"https:\/\/taglermaq.cl\/logisticmaq\/wp-json\/wp\/v2\/pages\/641\/revisions\/765"}],"up":[{"embeddable":true,"href":"https:\/\/taglermaq.cl\/logisticmaq\/wp-json\/wp\/v2\/pages\/393"}],"wp:attachment":[{"href":"https:\/\/taglermaq.cl\/logisticmaq\/wp-json\/wp\/v2\/media?parent=641"}],"curies":[{"name":"wp","href":"https:\/\/api.w.org\/{rel}","templated":true}]}}