{"id":56,"date":"2023-02-06T12:31:42","date_gmt":"2023-02-06T12:31:42","guid":{"rendered":"https:\/\/taglermaq.cl\/logisticmaq\/?page_id=56"},"modified":"2023-11-14T14:04:40","modified_gmt":"2023-11-14T17:04:40","slug":"sistemas-roboticos-de-paletizacion","status":"publish","type":"page","link":"https:\/\/taglermaq.cl\/logisticmaq\/ulma-handling\/sistemas-roboticos-de-paletizacion\/","title":{"rendered":"Sistemas rob\u00f3ticos de paletizaci\u00f3n"},"content":{"rendered":"<p><em>Los robots de\u00a0paletizaci\u00f3n\u00a0autom\u00e1tica\u00a0permiten la manipulaci\u00f3n de los productos\u00a0por capas o cargas unitarias para todo tipo de\u00a0formatos de producto.<\/em>\u200b<\/p>\n<p>Nuestras soluciones de rob\u00f3tica permiten conseguir producciones de altas cadencias, mejoras en la eficiencia de los procesos, reducci\u00f3n de costes y mejoras en las condiciones de trabajo automatizando las tareas m\u00e1s pesadas y mon\u00f3tonas del proceso intralog\u00edstico.<\/p>\n<p>En ULMA dise\u00f1amos\u00a0<strong>robots de paletizaci\u00f3n y despaletizaci\u00f3n<\/strong>\u00a0dependiendo de la soluci\u00f3n precisa que se requiera en cada caso. Disponemos de una gran variedad de robots antropomorfos, robot de p\u00f3rtico (Gantry) o sistemas de paletizaci\u00f3n por capas, entre otros.<\/p>\n<p>Los robots permiten la paletizaci\u00f3n de productos procedentes de una o varias l\u00edneas de producci\u00f3n o la paletizaci\u00f3n destinada a la preparaci\u00f3n de pedidos. Todos ellos est\u00e1n dise\u00f1ados para la manipulaci\u00f3n de una gran variedad de formatos de productos de altas cadencias.<\/p>\n","protected":false},"excerpt":{"rendered":"<p>Los robots de\u00a0paletizaci\u00f3n\u00a0autom\u00e1tica\u00a0permiten la manipulaci\u00f3n de los productos\u00a0por capas o cargas unitarias para todo tipo de\u00a0formatos de producto.\u200b Nuestras soluciones de rob\u00f3tica permiten conseguir producciones de altas cadencias, mejoras en la eficiencia de los procesos, reducci\u00f3n de costes y mejoras en las condiciones de trabajo automatizando las tareas m\u00e1s pesadas y mon\u00f3tonas del proceso intralog\u00edstico. [&hellip;]<\/p>\n","protected":false},"author":1,"featured_media":40,"parent":413,"menu_order":0,"comment_status":"closed","ping_status":"closed","template":"page-soluciones.php","meta":{"footnotes":""},"class_list":["post-56","page","type-page","status-publish","has-post-thumbnail","hentry"],"acf":[],"_links":{"self":[{"href":"https:\/\/taglermaq.cl\/logisticmaq\/wp-json\/wp\/v2\/pages\/56","targetHints":{"allow":["GET"]}}],"collection":[{"href":"https:\/\/taglermaq.cl\/logisticmaq\/wp-json\/wp\/v2\/pages"}],"about":[{"href":"https:\/\/taglermaq.cl\/logisticmaq\/wp-json\/wp\/v2\/types\/page"}],"author":[{"embeddable":true,"href":"https:\/\/taglermaq.cl\/logisticmaq\/wp-json\/wp\/v2\/users\/1"}],"replies":[{"embeddable":true,"href":"https:\/\/taglermaq.cl\/logisticmaq\/wp-json\/wp\/v2\/comments?post=56"}],"version-history":[{"count":16,"href":"https:\/\/taglermaq.cl\/logisticmaq\/wp-json\/wp\/v2\/pages\/56\/revisions"}],"predecessor-version":[{"id":703,"href":"https:\/\/taglermaq.cl\/logisticmaq\/wp-json\/wp\/v2\/pages\/56\/revisions\/703"}],"up":[{"embeddable":true,"href":"https:\/\/taglermaq.cl\/logisticmaq\/wp-json\/wp\/v2\/pages\/413"}],"wp:featuredmedia":[{"embeddable":true,"href":"https:\/\/taglermaq.cl\/logisticmaq\/wp-json\/wp\/v2\/media\/40"}],"wp:attachment":[{"href":"https:\/\/taglermaq.cl\/logisticmaq\/wp-json\/wp\/v2\/media?parent=56"}],"curies":[{"name":"wp","href":"https:\/\/api.w.org\/{rel}","templated":true}]}}