{"id":508,"date":"2023-10-23T16:42:38","date_gmt":"2023-10-23T19:42:38","guid":{"rendered":"https:\/\/taglermaq.cl\/logisticmaq\/qa\/?page_id=508"},"modified":"2025-04-10T10:26:44","modified_gmt":"2025-04-10T13:26:44","slug":"modula-next","status":"publish","type":"page","link":"https:\/\/taglermaq.cl\/logisticmaq\/modula\/modula-next\/","title":{"rendered":"Modula Next"},"content":{"rendered":"<h3><strong>Modula Next: el Almac\u00e9n Autoportante Autom\u00e1tico.<\/strong><\/h3>\n<p class=\"subtitle\"><strong>Modula Next es la evoluci\u00f3n en almacenamiento automatizado.<\/strong><\/p>\n<p>dise\u00f1ada para maximizar la eficiencia y la seguridad en la gesti\u00f3n de inventarios. Este sistema combina la tecnolog\u00eda de los m\u00f3dulos de elevaci\u00f3n vertical (<strong>VLM<\/strong>) con la precisi\u00f3n de las m\u00e1quinas expendedoras industriales, garantizando una manipulaci\u00f3n precisa y controlada de los art\u00edculos.<\/p>\n<p>Cuando se solicita un producto, Modula Next recupera la bandeja correspondiente y la transporta hasta el muelle de picking, manteniendo siempre una altura ergon\u00f3mica para el operador. A diferencia de los sistemas convencionales, su innovador mecanismo de puertas corredizas solo permite el acceso al compartimento exacto donde se encuentra el art\u00edculo solicitado, evitando manipulaciones err\u00f3neas y mejorando la seguridad.<\/p>\n","protected":false},"excerpt":{"rendered":"<p>Modula Next: el Almac\u00e9n Autoportante Autom\u00e1tico. Modula Next es la evoluci\u00f3n en almacenamiento automatizado. dise\u00f1ada para maximizar la eficiencia y la seguridad en la gesti\u00f3n de inventarios. Este sistema combina la tecnolog\u00eda de los m\u00f3dulos de elevaci\u00f3n vertical (VLM) con la precisi\u00f3n de las m\u00e1quinas expendedoras industriales, garantizando una manipulaci\u00f3n precisa y controlada de los [&hellip;]<\/p>\n","protected":false},"author":3,"featured_media":0,"parent":393,"menu_order":0,"comment_status":"closed","ping_status":"closed","template":"page-sectores.php","meta":{"footnotes":""},"class_list":["post-508","page","type-page","status-publish","hentry"],"acf":[],"_links":{"self":[{"href":"https:\/\/taglermaq.cl\/logisticmaq\/wp-json\/wp\/v2\/pages\/508","targetHints":{"allow":["GET"]}}],"collection":[{"href":"https:\/\/taglermaq.cl\/logisticmaq\/wp-json\/wp\/v2\/pages"}],"about":[{"href":"https:\/\/taglermaq.cl\/logisticmaq\/wp-json\/wp\/v2\/types\/page"}],"author":[{"embeddable":true,"href":"https:\/\/taglermaq.cl\/logisticmaq\/wp-json\/wp\/v2\/users\/3"}],"replies":[{"embeddable":true,"href":"https:\/\/taglermaq.cl\/logisticmaq\/wp-json\/wp\/v2\/comments?post=508"}],"version-history":[{"count":18,"href":"https:\/\/taglermaq.cl\/logisticmaq\/wp-json\/wp\/v2\/pages\/508\/revisions"}],"predecessor-version":[{"id":845,"href":"https:\/\/taglermaq.cl\/logisticmaq\/wp-json\/wp\/v2\/pages\/508\/revisions\/845"}],"up":[{"embeddable":true,"href":"https:\/\/taglermaq.cl\/logisticmaq\/wp-json\/wp\/v2\/pages\/393"}],"wp:attachment":[{"href":"https:\/\/taglermaq.cl\/logisticmaq\/wp-json\/wp\/v2\/media?parent=508"}],"curies":[{"name":"wp","href":"https:\/\/api.w.org\/{rel}","templated":true}]}}