{"id":500,"date":"2023-10-23T16:17:59","date_gmt":"2023-10-23T19:17:59","guid":{"rendered":"https:\/\/taglermaq.cl\/logisticmaq\/qa\/?page_id=500"},"modified":"2024-01-10T14:25:01","modified_gmt":"2024-01-10T17:25:01","slug":"modula-pallet","status":"publish","type":"page","link":"https:\/\/taglermaq.cl\/logisticmaq\/modula\/modula-pallet\/","title":{"rendered":"Modula Pallet"},"content":{"rendered":"<p class=\"title\"><strong>Modula Pallet: el almac\u00e9n autom\u00e1tico para almacenar pal\u00e9s de forma segura, eficaz y ergon\u00f3mica.<\/strong><\/p>\n<p>Una de las herramientas m\u00e1s utilizadas en el almac\u00e9n para la manipulaci\u00f3n de mercanc\u00edas es el\u00a0<strong>pal\u00e9<\/strong>.<\/p>\n<p>Modula Pallet es la tecnolog\u00eda autom\u00e1tica capaz de manipular de forma aut\u00f3noma y segura\u00a0<strong>europal\u00e9s<\/strong>\u00a0de dimensiones\u00a0<strong>1200 x 800 mm<\/strong>, pal\u00e9s o cajas de dimensiones similares.<br \/>\nCreado para mejorar la ergonom\u00eda, se propone como sustituto autom\u00e1tico de las estanter\u00edas tradicionales, permitiendo la manipulaci\u00f3n con total seguridad y evitando las cargas suspendidas, ya que la carga se realiza desde el suelo.<\/p>\n<p><strong>Modula Pallet<\/strong>\u00a0es la soluci\u00f3n de almacenamiento autom\u00e1tico para quienes desean un\u00a0<strong>almac\u00e9n seguro, ergon\u00f3mico y eficiente<\/strong>.<\/p>\n<p>R\u00e1pido y f\u00e1cil de instalar, presenta varias ventajas:<\/p>\n<ul>\n<li>Permite el almacenamiento de pal\u00e9s para <strong>liberar espacio en el suelo<\/strong>\u00a0<strong>aprovechando la altura del almac\u00e9n.<\/strong><\/li>\n<li>Permite manipular los pal\u00e9s desde el suelo <strong>sin utilizar carretillas elevadoras.<\/strong><\/li>\n<li>Sirve de tamp\u00f3n en la zona de entrada y salida de mercanc\u00edas y como <strong>almacenamiento temporal de mercanc\u00edas que entran\/salen.<\/strong><\/li>\n<\/ul>\n","protected":false},"excerpt":{"rendered":"<p>Modula Pallet: el almac\u00e9n autom\u00e1tico para almacenar pal\u00e9s de forma segura, eficaz y ergon\u00f3mica. Una de las herramientas m\u00e1s utilizadas en el almac\u00e9n para la manipulaci\u00f3n de mercanc\u00edas es el\u00a0pal\u00e9. Modula Pallet es la tecnolog\u00eda autom\u00e1tica capaz de manipular de forma aut\u00f3noma y segura\u00a0europal\u00e9s\u00a0de dimensiones\u00a01200 x 800 mm, pal\u00e9s o cajas de dimensiones similares. Creado [&hellip;]<\/p>\n","protected":false},"author":3,"featured_media":0,"parent":393,"menu_order":0,"comment_status":"closed","ping_status":"closed","template":"page-sectores.php","meta":{"footnotes":""},"class_list":["post-500","page","type-page","status-publish","hentry"],"acf":[],"_links":{"self":[{"href":"https:\/\/taglermaq.cl\/logisticmaq\/wp-json\/wp\/v2\/pages\/500","targetHints":{"allow":["GET"]}}],"collection":[{"href":"https:\/\/taglermaq.cl\/logisticmaq\/wp-json\/wp\/v2\/pages"}],"about":[{"href":"https:\/\/taglermaq.cl\/logisticmaq\/wp-json\/wp\/v2\/types\/page"}],"author":[{"embeddable":true,"href":"https:\/\/taglermaq.cl\/logisticmaq\/wp-json\/wp\/v2\/users\/3"}],"replies":[{"embeddable":true,"href":"https:\/\/taglermaq.cl\/logisticmaq\/wp-json\/wp\/v2\/comments?post=500"}],"version-history":[{"count":14,"href":"https:\/\/taglermaq.cl\/logisticmaq\/wp-json\/wp\/v2\/pages\/500\/revisions"}],"predecessor-version":[{"id":802,"href":"https:\/\/taglermaq.cl\/logisticmaq\/wp-json\/wp\/v2\/pages\/500\/revisions\/802"}],"up":[{"embeddable":true,"href":"https:\/\/taglermaq.cl\/logisticmaq\/wp-json\/wp\/v2\/pages\/393"}],"wp:attachment":[{"href":"https:\/\/taglermaq.cl\/logisticmaq\/wp-json\/wp\/v2\/media?parent=500"}],"curies":[{"name":"wp","href":"https:\/\/api.w.org\/{rel}","templated":true}]}}