{"id":490,"date":"2023-10-23T15:55:26","date_gmt":"2023-10-23T18:55:26","guid":{"rendered":"https:\/\/taglermaq.cl\/logisticmaq\/qa\/?page_id=490"},"modified":"2024-01-10T14:27:12","modified_gmt":"2024-01-10T17:27:12","slug":"modula-slim","status":"publish","type":"page","link":"https:\/\/taglermaq.cl\/logisticmaq\/modula\/modula-slim\/","title":{"rendered":"Modula Slim"},"content":{"rendered":"<p class=\"title\"><strong>Modula Slim: el almac\u00e9n vertical compacto.<\/strong><\/p>\n<p class=\"subtitle\"><strong>Las ventajas de la tecnolog\u00eda Lift en el espacio de un carrusel vertical.<\/strong><\/p>\n<p><b>\u00bfNo te hace falta un almac\u00e9n muy alto<\/b>, tienes poco espacio en profundidad y\u00a0<b>necesitas limitar los costes<\/b> pero a\u00fan as\u00ed quieres pasar a un almac\u00e9n autom\u00e1tico?.<\/p>\n<p><b>Modula Slim<\/b>\u00a0es la soluci\u00f3n perfecta porque no solo es un almac\u00e9n autom\u00e1tico vertical compacto y econ\u00f3mico, sino tambi\u00e9n r\u00e1pido de instalar y es la respuesta ideal para quienes buscan una\u00a0<strong>sistema<\/strong><b>\u00a0de\u00a0almacenamiento autom\u00e1tico vertical\u00a0con una flexibilidad total<\/b>\u00a0sin renunciar a la tecnolog\u00eda Lift.<\/p>\n<p>Su profundidad muy reducida lo hace adecuado no solo a los ambientes industriales, sino tambi\u00e9n a peque\u00f1as actividades como tiendas, garajes, talleres, farmacias y comercios.<\/p>\n","protected":false},"excerpt":{"rendered":"<p>Modula Slim: el almac\u00e9n vertical compacto. Las ventajas de la tecnolog\u00eda Lift en el espacio de un carrusel vertical. \u00bfNo te hace falta un almac\u00e9n muy alto, tienes poco espacio en profundidad y\u00a0necesitas limitar los costes pero a\u00fan as\u00ed quieres pasar a un almac\u00e9n autom\u00e1tico?. Modula Slim\u00a0es la soluci\u00f3n perfecta porque no solo es un [&hellip;]<\/p>\n","protected":false},"author":3,"featured_media":0,"parent":393,"menu_order":0,"comment_status":"closed","ping_status":"closed","template":"page-sectores.php","meta":{"footnotes":""},"class_list":["post-490","page","type-page","status-publish","hentry"],"acf":[],"_links":{"self":[{"href":"https:\/\/taglermaq.cl\/logisticmaq\/wp-json\/wp\/v2\/pages\/490","targetHints":{"allow":["GET"]}}],"collection":[{"href":"https:\/\/taglermaq.cl\/logisticmaq\/wp-json\/wp\/v2\/pages"}],"about":[{"href":"https:\/\/taglermaq.cl\/logisticmaq\/wp-json\/wp\/v2\/types\/page"}],"author":[{"embeddable":true,"href":"https:\/\/taglermaq.cl\/logisticmaq\/wp-json\/wp\/v2\/users\/3"}],"replies":[{"embeddable":true,"href":"https:\/\/taglermaq.cl\/logisticmaq\/wp-json\/wp\/v2\/comments?post=490"}],"version-history":[{"count":11,"href":"https:\/\/taglermaq.cl\/logisticmaq\/wp-json\/wp\/v2\/pages\/490\/revisions"}],"predecessor-version":[{"id":803,"href":"https:\/\/taglermaq.cl\/logisticmaq\/wp-json\/wp\/v2\/pages\/490\/revisions\/803"}],"up":[{"embeddable":true,"href":"https:\/\/taglermaq.cl\/logisticmaq\/wp-json\/wp\/v2\/pages\/393"}],"wp:attachment":[{"href":"https:\/\/taglermaq.cl\/logisticmaq\/wp-json\/wp\/v2\/media?parent=490"}],"curies":[{"name":"wp","href":"https:\/\/api.w.org\/{rel}","templated":true}]}}