{"id":49,"date":"2023-02-06T12:14:31","date_gmt":"2023-02-06T12:14:31","guid":{"rendered":"https:\/\/taglermaq.cl\/logisticmaq\/?page_id=49"},"modified":"2023-11-14T12:57:06","modified_gmt":"2023-11-14T15:57:06","slug":"clasificacion-automatica","status":"publish","type":"page","link":"https:\/\/taglermaq.cl\/logisticmaq\/ulma-handling\/clasificacion-automatica\/","title":{"rendered":"Clasificaci\u00f3n autom\u00e1tica"},"content":{"rendered":"<p><em>La capacidad de nuestros sistemas de\u00a0clasificaci\u00f3n autom\u00e1tica garantizan\u00a0la r\u00e1pida\u00a0clasificaci\u00f3n de los elementos previamente\u00a0inducidos en el sistema.<br \/>\n<\/em>\u200b<br \/>\nLos sorters o elementos de\u00a0<strong>clasificaci\u00f3n autom\u00e1tica<\/strong>, entre otros casos, tambi\u00e9n se emplean en entornos de preparaci\u00f3n de pedidos que requieren del movimiento de un n\u00famero relativamente reducido de referencias respecto al movimiento total de unidades o bultos requeridos en un determinado periodo de preparaci\u00f3n. Por ello, en los \u00faltimos a\u00f1os se han convertido en sistemas que complementan perfectamente operaciones automatizadas que necesitan de estas clasificaciones dentro de su proceso intralog\u00edstico.<\/p>\n<p>Existen diferentes tipos de sistemas de<strong>\u00a0<\/strong>clasificaci\u00f3n autom\u00e1tica, siendo los m\u00e1s utilizados los \u00abshoe sorter\u00bb tanto para sistemas de preparaci\u00f3n de bultos o de unidades, \u00abshoe sorter mini\u00bb.<\/p>\n","protected":false},"excerpt":{"rendered":"<p>La capacidad de nuestros sistemas de\u00a0clasificaci\u00f3n autom\u00e1tica garantizan\u00a0la r\u00e1pida\u00a0clasificaci\u00f3n de los elementos previamente\u00a0inducidos en el sistema. \u200b Los sorters o elementos de\u00a0clasificaci\u00f3n autom\u00e1tica, entre otros casos, tambi\u00e9n se emplean en entornos de preparaci\u00f3n de pedidos que requieren del movimiento de un n\u00famero relativamente reducido de referencias respecto al movimiento total de unidades o bultos requeridos [&hellip;]<\/p>\n","protected":false},"author":1,"featured_media":38,"parent":413,"menu_order":0,"comment_status":"closed","ping_status":"closed","template":"page-soluciones.php","meta":{"footnotes":""},"class_list":["post-49","page","type-page","status-publish","has-post-thumbnail","hentry"],"acf":[],"_links":{"self":[{"href":"https:\/\/taglermaq.cl\/logisticmaq\/wp-json\/wp\/v2\/pages\/49","targetHints":{"allow":["GET"]}}],"collection":[{"href":"https:\/\/taglermaq.cl\/logisticmaq\/wp-json\/wp\/v2\/pages"}],"about":[{"href":"https:\/\/taglermaq.cl\/logisticmaq\/wp-json\/wp\/v2\/types\/page"}],"author":[{"embeddable":true,"href":"https:\/\/taglermaq.cl\/logisticmaq\/wp-json\/wp\/v2\/users\/1"}],"replies":[{"embeddable":true,"href":"https:\/\/taglermaq.cl\/logisticmaq\/wp-json\/wp\/v2\/comments?post=49"}],"version-history":[{"count":20,"href":"https:\/\/taglermaq.cl\/logisticmaq\/wp-json\/wp\/v2\/pages\/49\/revisions"}],"predecessor-version":[{"id":700,"href":"https:\/\/taglermaq.cl\/logisticmaq\/wp-json\/wp\/v2\/pages\/49\/revisions\/700"}],"up":[{"embeddable":true,"href":"https:\/\/taglermaq.cl\/logisticmaq\/wp-json\/wp\/v2\/pages\/413"}],"wp:featuredmedia":[{"embeddable":true,"href":"https:\/\/taglermaq.cl\/logisticmaq\/wp-json\/wp\/v2\/media\/38"}],"wp:attachment":[{"href":"https:\/\/taglermaq.cl\/logisticmaq\/wp-json\/wp\/v2\/media?parent=49"}],"curies":[{"name":"wp","href":"https:\/\/api.w.org\/{rel}","templated":true}]}}