{"id":483,"date":"2023-10-23T15:51:50","date_gmt":"2023-10-23T18:51:50","guid":{"rendered":"https:\/\/taglermaq.cl\/logisticmaq\/qa\/?page_id=483"},"modified":"2025-11-07T15:09:16","modified_gmt":"2025-11-07T18:09:16","slug":"modula-lift","status":"publish","type":"page","link":"https:\/\/taglermaq.cl\/logisticmaq\/modula\/modula-lift\/","title":{"rendered":"Modula Lift"},"content":{"rendered":"<p class=\"title\"><strong>Modula Lift: el mejor almac\u00e9n autom\u00e1tico vertical con bandejas<\/strong><\/p>\n<p>El mejor sistema de almacenaje vertical que permite reducir el espacio en el suelo hasta un 90% y aumentar la seguridad del almac\u00e9n.<\/p>\n<p>Con miles de instalaciones en todo el mundo, Modula Lift es el\u00a0<strong>mejor sistema de almacenaje vertical automatizado\u00a0del mercado<\/strong>. Fiable y avanzado, con el tiempo se ha convertido en sin\u00f3nimo de orden, inventario bajo control y automatizaci\u00f3n del almac\u00e9n.<\/p>\n<p>Su versatilidad es bien conocida, por lo que se utiliza en empresas de todos los tama\u00f1os para almacenar formas, pesos y art\u00edculos de diferentes medidas, en cualquier sector industrial.<\/p>\n<p>Podr\u00e1s encontrar un sistema de almacenaje vertical autom\u00e1tico Modula Lift en una tienda, una ferreter\u00eda, en producci\u00f3n, como buffer para la producci\u00f3n o como espacio de almacenamiento.<\/p>\n","protected":false},"excerpt":{"rendered":"<p>Modula Lift: el mejor almac\u00e9n autom\u00e1tico vertical con bandejas El mejor sistema de almacenaje vertical que permite reducir el espacio en el suelo hasta un 90% y aumentar la seguridad del almac\u00e9n. Con miles de instalaciones en todo el mundo, Modula Lift es el\u00a0mejor sistema de almacenaje vertical automatizado\u00a0del mercado. Fiable y avanzado, con el [&hellip;]<\/p>\n","protected":false},"author":3,"featured_media":928,"parent":393,"menu_order":0,"comment_status":"closed","ping_status":"closed","template":"page-sectores.php","meta":{"footnotes":""},"class_list":["post-483","page","type-page","status-publish","has-post-thumbnail","hentry"],"acf":[],"_links":{"self":[{"href":"https:\/\/taglermaq.cl\/logisticmaq\/wp-json\/wp\/v2\/pages\/483","targetHints":{"allow":["GET"]}}],"collection":[{"href":"https:\/\/taglermaq.cl\/logisticmaq\/wp-json\/wp\/v2\/pages"}],"about":[{"href":"https:\/\/taglermaq.cl\/logisticmaq\/wp-json\/wp\/v2\/types\/page"}],"author":[{"embeddable":true,"href":"https:\/\/taglermaq.cl\/logisticmaq\/wp-json\/wp\/v2\/users\/3"}],"replies":[{"embeddable":true,"href":"https:\/\/taglermaq.cl\/logisticmaq\/wp-json\/wp\/v2\/comments?post=483"}],"version-history":[{"count":33,"href":"https:\/\/taglermaq.cl\/logisticmaq\/wp-json\/wp\/v2\/pages\/483\/revisions"}],"predecessor-version":[{"id":932,"href":"https:\/\/taglermaq.cl\/logisticmaq\/wp-json\/wp\/v2\/pages\/483\/revisions\/932"}],"up":[{"embeddable":true,"href":"https:\/\/taglermaq.cl\/logisticmaq\/wp-json\/wp\/v2\/pages\/393"}],"wp:featuredmedia":[{"embeddable":true,"href":"https:\/\/taglermaq.cl\/logisticmaq\/wp-json\/wp\/v2\/media\/928"}],"wp:attachment":[{"href":"https:\/\/taglermaq.cl\/logisticmaq\/wp-json\/wp\/v2\/media?parent=483"}],"curies":[{"name":"wp","href":"https:\/\/api.w.org\/{rel}","templated":true}]}}