{"id":47,"date":"2023-02-06T12:13:53","date_gmt":"2023-02-06T12:13:53","guid":{"rendered":"https:\/\/taglermaq.cl\/logisticmaq\/?page_id=47"},"modified":"2023-11-14T12:49:34","modified_gmt":"2023-11-14T15:49:34","slug":"transporte-automatico-y-conveyor","status":"publish","type":"page","link":"https:\/\/taglermaq.cl\/logisticmaq\/ulma-handling\/transporte-automatico-y-conveyor\/","title":{"rendered":"Transporte autom\u00e1tico y conveyor"},"content":{"rendered":"<p><em>Las soluciones log\u00edsticas de transporte autom\u00e1tico\u00a0incrementan notablemente la productividad,\u00a0eliminando la mano de obra y manteniendo la\u00a0cadencia y flujos necesarios en los procesos de\u00a0producci\u00f3n y preparaci\u00f3n de pedidos.<br \/>\n<\/em><br \/>\nEn Taglermaq y ULMA Handling Systems ofrecemos un amplio surtido de <strong>sistemas inteligentes de transporte<\/strong>\u00a0tales como\u00a0VTD,\u00a0STV,\u00a0AGV, transportadores motorizados, transportadores de gravedad,\u00a0transportadores de palets, mesas de giro, transfers, elevadores, curvas motorizadas&#8230;<\/p>\n<p>Los sistemas inteligentes de transporte se emplean fundamentalmente para cubrir necesidades de transporte de cargas entre varios puntos. Normalmente su uso se combina con el de un sistema de transportadores.<\/p>\n","protected":false},"excerpt":{"rendered":"<p>Las soluciones log\u00edsticas de transporte autom\u00e1tico\u00a0incrementan notablemente la productividad,\u00a0eliminando la mano de obra y manteniendo la\u00a0cadencia y flujos necesarios en los procesos de\u00a0producci\u00f3n y preparaci\u00f3n de pedidos. En Taglermaq y ULMA Handling Systems ofrecemos un amplio surtido de sistemas inteligentes de transporte\u00a0tales como\u00a0VTD,\u00a0STV,\u00a0AGV, transportadores motorizados, transportadores de gravedad,\u00a0transportadores de palets, mesas de giro, transfers, elevadores, [&hellip;]<\/p>\n","protected":false},"author":1,"featured_media":38,"parent":413,"menu_order":0,"comment_status":"closed","ping_status":"closed","template":"page-soluciones.php","meta":{"footnotes":""},"class_list":["post-47","page","type-page","status-publish","has-post-thumbnail","hentry"],"acf":[],"_links":{"self":[{"href":"https:\/\/taglermaq.cl\/logisticmaq\/wp-json\/wp\/v2\/pages\/47","targetHints":{"allow":["GET"]}}],"collection":[{"href":"https:\/\/taglermaq.cl\/logisticmaq\/wp-json\/wp\/v2\/pages"}],"about":[{"href":"https:\/\/taglermaq.cl\/logisticmaq\/wp-json\/wp\/v2\/types\/page"}],"author":[{"embeddable":true,"href":"https:\/\/taglermaq.cl\/logisticmaq\/wp-json\/wp\/v2\/users\/1"}],"replies":[{"embeddable":true,"href":"https:\/\/taglermaq.cl\/logisticmaq\/wp-json\/wp\/v2\/comments?post=47"}],"version-history":[{"count":24,"href":"https:\/\/taglermaq.cl\/logisticmaq\/wp-json\/wp\/v2\/pages\/47\/revisions"}],"predecessor-version":[{"id":698,"href":"https:\/\/taglermaq.cl\/logisticmaq\/wp-json\/wp\/v2\/pages\/47\/revisions\/698"}],"up":[{"embeddable":true,"href":"https:\/\/taglermaq.cl\/logisticmaq\/wp-json\/wp\/v2\/pages\/413"}],"wp:featuredmedia":[{"embeddable":true,"href":"https:\/\/taglermaq.cl\/logisticmaq\/wp-json\/wp\/v2\/media\/38"}],"wp:attachment":[{"href":"https:\/\/taglermaq.cl\/logisticmaq\/wp-json\/wp\/v2\/media?parent=47"}],"curies":[{"name":"wp","href":"https:\/\/api.w.org\/{rel}","templated":true}]}}