{"id":45,"date":"2023-02-06T12:13:15","date_gmt":"2023-02-06T12:13:15","guid":{"rendered":"https:\/\/taglermaq.cl\/logisticmaq\/?page_id=45"},"modified":"2023-11-14T12:48:10","modified_gmt":"2023-11-14T15:48:10","slug":"almacen-automatico-y-transelevadores","status":"publish","type":"page","link":"https:\/\/taglermaq.cl\/logisticmaq\/ulma-handling\/almacen-automatico-y-transelevadores\/","title":{"rendered":"Almac\u00e9n autom\u00e1tico y transelevadores"},"content":{"rendered":"<p><em>Incrementa al m\u00e1ximo los ratios de productividad, reduciendo el espacio y el n\u00famero de movimientos con nuestros almacenes autom\u00e1ticos.<\/em><\/p>\n<p>Nuestros sistemas de automatizaci\u00f3n log\u00edstica est\u00e1n especialmente dise\u00f1ados para soluciones log\u00edsticas de\u00a0<strong>preparaci\u00f3n de pedidos y almacenamiento autom\u00e1tico<\/strong>\u00a0cuya funci\u00f3n permite incrementar al m\u00e1ximo los ratios de productividad, reduciendo el n\u00famero de movimientos, tareas de transporte y el espacio del almac\u00e9n.<\/p>\n<p>Para entornos de frio y congelado, desarrollamos soluciones log\u00edsticas de almacenamiento autom\u00e1tico que garantizan el aseguramiento de la temperatura controlada hasta -40\u00baC y permite la conservaci\u00f3n id\u00f3nea del producto, eliminaci\u00f3n del personal trabajando en malas condiciones, aumento de la productividad en cuanto a velocidad de movimientos, gesti\u00f3n inform\u00e1tica&#8230;<\/p>\n<p>Adem\u00e1s disponemos de una amplia gama de posibilidades en sistemas de almacenamiento inteligente, tales como\u00a0Mini Load,\u00a0Transelevador de paletas,\u00a0Shuttles,\u00a0transelevadores sat\u00e9lites, en curva, sistemas sincronizados&#8230;<\/p>\n","protected":false},"excerpt":{"rendered":"<p>Incrementa al m\u00e1ximo los ratios de productividad, reduciendo el espacio y el n\u00famero de movimientos con nuestros almacenes autom\u00e1ticos. Nuestros sistemas de automatizaci\u00f3n log\u00edstica est\u00e1n especialmente dise\u00f1ados para soluciones log\u00edsticas de\u00a0preparaci\u00f3n de pedidos y almacenamiento autom\u00e1tico\u00a0cuya funci\u00f3n permite incrementar al m\u00e1ximo los ratios de productividad, reduciendo el n\u00famero de movimientos, tareas de transporte y el [&hellip;]<\/p>\n","protected":false},"author":1,"featured_media":37,"parent":413,"menu_order":0,"comment_status":"closed","ping_status":"closed","template":"page-soluciones.php","meta":{"footnotes":""},"class_list":["post-45","page","type-page","status-publish","has-post-thumbnail","hentry"],"acf":[],"_links":{"self":[{"href":"https:\/\/taglermaq.cl\/logisticmaq\/wp-json\/wp\/v2\/pages\/45","targetHints":{"allow":["GET"]}}],"collection":[{"href":"https:\/\/taglermaq.cl\/logisticmaq\/wp-json\/wp\/v2\/pages"}],"about":[{"href":"https:\/\/taglermaq.cl\/logisticmaq\/wp-json\/wp\/v2\/types\/page"}],"author":[{"embeddable":true,"href":"https:\/\/taglermaq.cl\/logisticmaq\/wp-json\/wp\/v2\/users\/1"}],"replies":[{"embeddable":true,"href":"https:\/\/taglermaq.cl\/logisticmaq\/wp-json\/wp\/v2\/comments?post=45"}],"version-history":[{"count":31,"href":"https:\/\/taglermaq.cl\/logisticmaq\/wp-json\/wp\/v2\/pages\/45\/revisions"}],"predecessor-version":[{"id":697,"href":"https:\/\/taglermaq.cl\/logisticmaq\/wp-json\/wp\/v2\/pages\/45\/revisions\/697"}],"up":[{"embeddable":true,"href":"https:\/\/taglermaq.cl\/logisticmaq\/wp-json\/wp\/v2\/pages\/413"}],"wp:featuredmedia":[{"embeddable":true,"href":"https:\/\/taglermaq.cl\/logisticmaq\/wp-json\/wp\/v2\/media\/37"}],"wp:attachment":[{"href":"https:\/\/taglermaq.cl\/logisticmaq\/wp-json\/wp\/v2\/media?parent=45"}],"curies":[{"name":"wp","href":"https:\/\/api.w.org\/{rel}","templated":true}]}}