{"id":35,"date":"2023-02-06T12:11:40","date_gmt":"2023-02-06T12:11:40","guid":{"rendered":"https:\/\/taglermaq.cl\/logisticmaq\/?page_id=35"},"modified":"2023-11-14T12:46:18","modified_gmt":"2023-11-14T15:46:18","slug":"preparacion-de-pedidos-y-picking","status":"publish","type":"page","link":"https:\/\/taglermaq.cl\/logisticmaq\/ulma-handling\/preparacion-de-pedidos-y-picking\/","title":{"rendered":"Preparaci\u00f3n de pedidos y picking"},"content":{"rendered":"<p class=\"title-tertiary\"><em>Eficiencia y productividad en la preparaci\u00f3n de pedidos o picking<\/em><\/p>\n<p>Los sistemas\u00a0<strong>preparaci\u00f3n de pedidos<\/strong>\u00a0o\u00a0<strong>picking\u00a0<\/strong>constituyen un aspecto decisivo para la competitividad de una empresa, por lo que han de garantizar siempre la precisi\u00f3n y rapidez de servicio necesaria para satisfacer los requerimientos del cliente,\u00a0independientemente del tama\u00f1o y peso del pedido a preparar.<\/p>\n<p>La innovaci\u00f3n se convierte as\u00ed en pieza fundamental para el desarrollo de sistemas flexibles y eficientes garantizando adem\u00e1s el control de todo el proceso y la posibilidad de tratamiento de la informaci\u00f3n on line.<\/p>\n<p>En Taglermaq, contamos con un modelo propio de automatizaci\u00f3n total del picking o preparaci\u00f3n de pedidos orientado a soluciones log\u00edsticas de Distribuci\u00f3n y Producci\u00f3n automatizada (DA\/FA) dise\u00f1ado para peque\u00f1as, medianas y grandes empresas.<\/p>\n<h3>Tecnolog\u00eda y picking<\/h3>\n<p>En cuanto a las tecnolog\u00edas implantadas de manera cada vez m\u00e1s habitual en soluciones de picking o preparaci\u00f3n de pedidos se podr\u00edan destacar los sistemas de: preparaci\u00f3n de pedidos autom\u00e1ticos (robots), sistemas de\u00a0pick to light\u00a0o sistemas de bufferizaci\u00f3n y secuenciaci\u00f3n autom\u00e1tica (FSS, SQS&#8230;).<\/p>\n","protected":false},"excerpt":{"rendered":"<p>Eficiencia y productividad en la preparaci\u00f3n de pedidos o picking Los sistemas\u00a0preparaci\u00f3n de pedidos\u00a0o\u00a0picking\u00a0constituyen un aspecto decisivo para la competitividad de una empresa, por lo que han de garantizar siempre la precisi\u00f3n y rapidez de servicio necesaria para satisfacer los requerimientos del cliente,\u00a0independientemente del tama\u00f1o y peso del pedido a preparar. La innovaci\u00f3n se convierte [&hellip;]<\/p>\n","protected":false},"author":1,"featured_media":36,"parent":413,"menu_order":0,"comment_status":"closed","ping_status":"closed","template":"page-soluciones.php","meta":{"footnotes":""},"class_list":["post-35","page","type-page","status-publish","has-post-thumbnail","hentry"],"acf":[],"_links":{"self":[{"href":"https:\/\/taglermaq.cl\/logisticmaq\/wp-json\/wp\/v2\/pages\/35","targetHints":{"allow":["GET"]}}],"collection":[{"href":"https:\/\/taglermaq.cl\/logisticmaq\/wp-json\/wp\/v2\/pages"}],"about":[{"href":"https:\/\/taglermaq.cl\/logisticmaq\/wp-json\/wp\/v2\/types\/page"}],"author":[{"embeddable":true,"href":"https:\/\/taglermaq.cl\/logisticmaq\/wp-json\/wp\/v2\/users\/1"}],"replies":[{"embeddable":true,"href":"https:\/\/taglermaq.cl\/logisticmaq\/wp-json\/wp\/v2\/comments?post=35"}],"version-history":[{"count":53,"href":"https:\/\/taglermaq.cl\/logisticmaq\/wp-json\/wp\/v2\/pages\/35\/revisions"}],"predecessor-version":[{"id":696,"href":"https:\/\/taglermaq.cl\/logisticmaq\/wp-json\/wp\/v2\/pages\/35\/revisions\/696"}],"up":[{"embeddable":true,"href":"https:\/\/taglermaq.cl\/logisticmaq\/wp-json\/wp\/v2\/pages\/413"}],"wp:featuredmedia":[{"embeddable":true,"href":"https:\/\/taglermaq.cl\/logisticmaq\/wp-json\/wp\/v2\/media\/36"}],"wp:attachment":[{"href":"https:\/\/taglermaq.cl\/logisticmaq\/wp-json\/wp\/v2\/media?parent=35"}],"curies":[{"name":"wp","href":"https:\/\/api.w.org\/{rel}","templated":true}]}}