{"id":29,"date":"2023-02-02T16:08:09","date_gmt":"2023-02-02T16:08:09","guid":{"rendered":"https:\/\/taglermaq.cl\/logisticmaq\/?page_id=29"},"modified":"2023-10-23T14:59:51","modified_gmt":"2023-10-23T17:59:51","slug":"industria-general","status":"publish","type":"page","link":"https:\/\/taglermaq.cl\/logisticmaq\/ulma-handling\/industria-general\/","title":{"rendered":"Industria general"},"content":{"rendered":"<p><em>Los requisitos de la industria del futuro para poder competir en el mercado son cada vez m\u00e1s complejos: la precisi\u00f3n, estrategias JIT y JIS, rentabilidad, flexibilidad para atender a las variaciones de una demanda din\u00e1mica y la calidad entre otros.\u00a0<\/em><\/p>\n<p>Hoy en d\u00eda, son las peque\u00f1as, medianas y grandes empresas las que conf\u00edan en la intralog\u00edstica automatizada para poder beneficiarse de la industria 4.0.<\/p>\n<p>Retos en diferentes \u00e1mbitos del sector industrial:<\/p>\n<ul>\n<li><strong>Automoci\u00f3n<\/strong>: plazos de entrega muy ajustados con una personalizaci\u00f3n de productos al alza (JIT y\/o JIS) debido al cambio de paradigma: desde el B2B al C2B.<\/li>\n<li><strong>Industria qu\u00edmica<\/strong>: Almacenamiento, preparaci\u00f3n y transporte de productos sensibles con caracter\u00edsticas espec\u00edficas.<\/li>\n<li><strong>Industria del papel<\/strong>: Espacio de almacenamiento optimizado y manipulaci\u00f3n de cargas voluminosas y pesadas. Importancia de la seguridad y ergonom\u00eda de las personas.<\/li>\n<li><strong>Ingenier\u00eda mec\u00e1nica<\/strong>: Procesos de la cadena de valor cada vez m\u00e1s complejos y ergonom\u00eda en los puestos de trabajo, entre otros.<\/li>\n<li><strong>Otros<\/strong>: optimizaci\u00f3n del almacenamiento, seguridad en el manejo y transporte de los materiales, preparaci\u00f3n de los pedidos para su distribuci\u00f3n, control del inventario y stock, productividad y mucho m\u00e1s.<\/li>\n<\/ul>\n<p>ULMA Handling Systems ofrece\u00a0<strong>soluciones intralog\u00edsticas<\/strong>\u00a0garantizando la m\u00e1xima disponibilidad, con un dise\u00f1o adaptable y modular, desde sistemas totalmente automatizados o soluciones semi-automatizadas, y la Suite log\u00edstica\u00a0u\u00b7mind\u00a0el cual brinda control, visibilidad e informaci\u00f3n de la instalaci\u00f3n en tiempo real y desde cualquier lugar.<\/p>\n","protected":false},"excerpt":{"rendered":"<p>Los requisitos de la industria del futuro para poder competir en el mercado son cada vez m\u00e1s complejos: la precisi\u00f3n, estrategias JIT y JIS, rentabilidad, flexibilidad para atender a las variaciones de una demanda din\u00e1mica y la calidad entre otros.\u00a0 Hoy en d\u00eda, son las peque\u00f1as, medianas y grandes empresas las que conf\u00edan en la [&hellip;]<\/p>\n","protected":false},"author":1,"featured_media":20,"parent":413,"menu_order":0,"comment_status":"closed","ping_status":"closed","template":"page-sectores.php","meta":{"footnotes":""},"class_list":["post-29","page","type-page","status-publish","has-post-thumbnail","hentry"],"acf":[],"_links":{"self":[{"href":"https:\/\/taglermaq.cl\/logisticmaq\/wp-json\/wp\/v2\/pages\/29","targetHints":{"allow":["GET"]}}],"collection":[{"href":"https:\/\/taglermaq.cl\/logisticmaq\/wp-json\/wp\/v2\/pages"}],"about":[{"href":"https:\/\/taglermaq.cl\/logisticmaq\/wp-json\/wp\/v2\/types\/page"}],"author":[{"embeddable":true,"href":"https:\/\/taglermaq.cl\/logisticmaq\/wp-json\/wp\/v2\/users\/1"}],"replies":[{"embeddable":true,"href":"https:\/\/taglermaq.cl\/logisticmaq\/wp-json\/wp\/v2\/comments?post=29"}],"version-history":[{"count":6,"href":"https:\/\/taglermaq.cl\/logisticmaq\/wp-json\/wp\/v2\/pages\/29\/revisions"}],"predecessor-version":[{"id":302,"href":"https:\/\/taglermaq.cl\/logisticmaq\/wp-json\/wp\/v2\/pages\/29\/revisions\/302"}],"up":[{"embeddable":true,"href":"https:\/\/taglermaq.cl\/logisticmaq\/wp-json\/wp\/v2\/pages\/413"}],"wp:featuredmedia":[{"embeddable":true,"href":"https:\/\/taglermaq.cl\/logisticmaq\/wp-json\/wp\/v2\/media\/20"}],"wp:attachment":[{"href":"https:\/\/taglermaq.cl\/logisticmaq\/wp-json\/wp\/v2\/media?parent=29"}],"curies":[{"name":"wp","href":"https:\/\/api.w.org\/{rel}","templated":true}]}}