{"id":27,"date":"2023-02-02T15:02:51","date_gmt":"2023-02-02T15:02:51","guid":{"rendered":"https:\/\/taglermaq.cl\/logisticmaq\/?page_id=27"},"modified":"2023-10-23T14:59:51","modified_gmt":"2023-10-23T17:59:51","slug":"supermercados-y-retail","status":"publish","type":"page","link":"https:\/\/taglermaq.cl\/logisticmaq\/ulma-handling\/supermercados-y-retail\/","title":{"rendered":"Supermercados y Retail"},"content":{"rendered":"<p><em>La mayor apuesta de las empresas orientadas al sector de los supermercados se basa en tres estrategias fundamentales: garantizar un equilibrio entre la calidad y\u00a0precio de los productos, servicio ofrecido al cliente y garantizar un surtido de productos amplios y disponibles en tienda mediante una log\u00edstica flexible y eficiente.<\/em><\/p>\n<p>De la misma forma, responder a los nuevos h\u00e1bitos de consumo y a la experiencia de hacer una compra completa en el menor tiempo posible, a precios razonables y de una forma c\u00f3moda sit\u00faan a la automatizaci\u00f3n log\u00edstica en el centro de la ecuaci\u00f3n para el \u00e9xito.<\/p>\n<p>El mercado actual nos lleva, ahora m\u00e1s que nunca, a desarrollar soluciones log\u00edsticas m\u00e1s eficientes y ofrecer as\u00ed una propuesta de valor, calidad y eficiencia a nuestros clientes. Para ello, hemos dise\u00f1ado un modelo log\u00edstico propio orientado al sector de supermercados y retail para grandes, medianas y peque\u00f1as empresas que deciden a apostar por su futuro.<\/p>\n","protected":false},"excerpt":{"rendered":"<p>La mayor apuesta de las empresas orientadas al sector de los supermercados se basa en tres estrategias fundamentales: garantizar un equilibrio entre la calidad y\u00a0precio de los productos, servicio ofrecido al cliente y garantizar un surtido de productos amplios y disponibles en tienda mediante una log\u00edstica flexible y eficiente. De la misma forma, responder a [&hellip;]<\/p>\n","protected":false},"author":1,"featured_media":22,"parent":413,"menu_order":0,"comment_status":"closed","ping_status":"closed","template":"page-sectores.php","meta":{"footnotes":""},"class_list":["post-27","page","type-page","status-publish","has-post-thumbnail","hentry"],"acf":[],"_links":{"self":[{"href":"https:\/\/taglermaq.cl\/logisticmaq\/wp-json\/wp\/v2\/pages\/27","targetHints":{"allow":["GET"]}}],"collection":[{"href":"https:\/\/taglermaq.cl\/logisticmaq\/wp-json\/wp\/v2\/pages"}],"about":[{"href":"https:\/\/taglermaq.cl\/logisticmaq\/wp-json\/wp\/v2\/types\/page"}],"author":[{"embeddable":true,"href":"https:\/\/taglermaq.cl\/logisticmaq\/wp-json\/wp\/v2\/users\/1"}],"replies":[{"embeddable":true,"href":"https:\/\/taglermaq.cl\/logisticmaq\/wp-json\/wp\/v2\/comments?post=27"}],"version-history":[{"count":9,"href":"https:\/\/taglermaq.cl\/logisticmaq\/wp-json\/wp\/v2\/pages\/27\/revisions"}],"predecessor-version":[{"id":360,"href":"https:\/\/taglermaq.cl\/logisticmaq\/wp-json\/wp\/v2\/pages\/27\/revisions\/360"}],"up":[{"embeddable":true,"href":"https:\/\/taglermaq.cl\/logisticmaq\/wp-json\/wp\/v2\/pages\/413"}],"wp:featuredmedia":[{"embeddable":true,"href":"https:\/\/taglermaq.cl\/logisticmaq\/wp-json\/wp\/v2\/media\/22"}],"wp:attachment":[{"href":"https:\/\/taglermaq.cl\/logisticmaq\/wp-json\/wp\/v2\/media?parent=27"}],"curies":[{"name":"wp","href":"https:\/\/api.w.org\/{rel}","templated":true}]}}